{"id":4020,"date":"2020-06-15T08:27:11","date_gmt":"2020-06-15T08:27:11","guid":{"rendered":"https:\/\/rclin-pharma.com\/founder-dr-elena-pruss\/"},"modified":"2021-08-23T16:19:07","modified_gmt":"2021-08-23T16:19:07","slug":"founder-dr-elena-pruss","status":"publish","type":"page","link":"https:\/\/rclin-pharma.com\/fr\/founder-dr-elena-pruss\/","title":{"rendered":"FONDATRICE"},"content":{"rendered":"<p>[vc_row][vc_column][vc_single_image image=&#8221;4509&#8243; img_size=&#8221;full&#8221; alignment=&#8221;center&#8221;][\/vc_column][\/vc_row][vc_row css=&#8221;.vc_custom_1599137992123{margin-top: 35px !important;margin-bottom: 75px !important;}&#8221; el_class=&#8221;mobilestylefounder&#8221;][vc_column width=&#8221;1\/6&#8243;][\/vc_column][vc_column width=&#8221;2\/3&#8243; css=&#8221;.vc_custom_1597766387525{padding-right: 20px !important;padding-left: 20px !important;}&#8221;][vc_column_text]<\/p>\n<h1 class=\"page-title\" style=\"text-align: center; padding-bottom: 35px;\"><span class=\"TextRun SCXW196845269 BCX0\" lang=\"FR-CH\" xml:lang=\"FR-CH\" data-contrast=\"none\"><span class=\"NormalTextRun SCXW196845269 BCX0\" data-ccp-parastyle=\"Body Text\">FONDATRICE<\/span><\/span><span class=\"EOP SCXW196845269 BCX0\" data-ccp-props=\"{&quot;201341983&quot;:0,&quot;335551550&quot;:2,&quot;335551620&quot;:2,&quot;335559740&quot;:360}\">\u00a0<\/span><\/h1>\n<p style=\"text-align: left;\"><span class=\"TextRun SCXW186429462 BCX0\" lang=\"FR-CH\" xml:lang=\"FR-CH\" data-contrast=\"none\"><span class=\"NormalTextRun SCXW186429462 BCX0\" data-ccp-parastyle=\"Body Text\">Dr. Elena Pruss, PhD est propri\u00e9taire et directrice m\u00e9dicale d<\/span><\/span><span class=\"TextRun SCXW186429462 BCX0\" lang=\"FR-CH\" xml:lang=\"FR-CH\" data-contrast=\"none\"><span class=\"NormalTextRun SCXW186429462 BCX0\" data-ccp-parastyle=\"Body Text\">u\u00a0<\/span><\/span><span class=\"TextRun SCXW186429462 BCX0\" lang=\"FR-CH\" xml:lang=\"FR-CH\" data-contrast=\"none\"><span class=\"NormalTextRun SCXW186429462 BCX0\" data-ccp-parastyle=\"Body Text\">RCLIN Life Sciences<\/span><\/span><span class=\"TextRun SCXW186429462 BCX0\" lang=\"FR-CH\" xml:lang=\"FR-CH\" data-contrast=\"none\"><span class=\"NormalTextRun SCXW186429462 BCX0\" data-ccp-parastyle=\"Body Text\">\u00a0<\/span><\/span><span class=\"TextRun SCXW186429462 BCX0\" lang=\"FR-CH\" xml:lang=\"FR-CH\" data-contrast=\"none\"><span class=\"NormalTextRun SCXW186429462 BCX0\" data-ccp-parastyle=\"Body Text\">Group\u00a0<\/span><\/span><span class=\"TextRun SCXW186429462 BCX0\" lang=\"FR-CH\" xml:lang=\"FR-CH\" data-contrast=\"none\"><span class=\"NormalTextRun SCXW186429462 BCX0\" data-ccp-parastyle=\"Body Text\">o\u00f9 elle est responsable de la gestion strat\u00e9gique des services m\u00e9dicaux, de la recherche et du d\u00e9veloppement. Dr<\/span><\/span><span class=\"TextRun SCXW186429462 BCX0\" lang=\"FR-CH\" xml:lang=\"FR-CH\" data-contrast=\"none\"><span class=\"NormalTextRun SCXW186429462 BCX0\" data-ccp-parastyle=\"Body Text\">.<\/span><\/span><span class=\"TextRun SCXW186429462 BCX0\" lang=\"FR-CH\" xml:lang=\"FR-CH\" data-contrast=\"none\"><span class=\"NormalTextRun SCXW186429462 BCX0\" data-ccp-parastyle=\"Body Text\">\u00a0Pruss ne con<\/span><\/span><span class=\"TextRun SCXW186429462 BCX0\" lang=\"FR-CH\" xml:lang=\"FR-CH\" data-contrast=\"none\"><span class=\"NormalTextRun SCXW186429462 BCX0\" data-ccp-parastyle=\"Body Text\">sulte\u00a0<\/span><\/span><span class=\"TextRun SCXW186429462 BCX0\" lang=\"FR-CH\" xml:lang=\"FR-CH\" data-contrast=\"none\"><span class=\"NormalTextRun SCXW186429462 BCX0\" data-ccp-parastyle=\"Body Text\">plus comme m\u00e9decin praticien, car son temps est consacr\u00e9 au d\u00e9veloppement de nouveaux services et \u00e0 la recherche des formulations les plus efficaces.<\/span><\/span><span class=\"EOP SCXW186429462 BCX0\" data-ccp-props=\"{&quot;201341983&quot;:0,&quot;335551550&quot;:6,&quot;335551620&quot;:6,&quot;335559740&quot;:360}\">\u00a0<\/span><\/p>\n<blockquote><p><strong><span class=\"TextRun SCXW79985850 BCX0\" lang=\"FR-CH\" xml:lang=\"FR-CH\" data-contrast=\"none\"><span class=\"NormalTextRun SCXW79985850 BCX0\" data-ccp-parastyle=\"Body Text\">&#8220;Le corps humain <\/span><\/span><span class=\"TextRun SCXW79985850 BCX0\" lang=\"FR-CH\" xml:lang=\"FR-CH\" data-contrast=\"none\"><span class=\"NormalTextRun SpellingErrorV2 SCXW79985850 BCX0\" data-ccp-parastyle=\"Body Text\">consisite<\/span><\/span><span class=\"TextRun SCXW79985850 BCX0\" lang=\"FR-CH\" xml:lang=\"FR-CH\" data-contrast=\"none\"><span class=\"NormalTextRun SCXW79985850 BCX0\" data-ccp-parastyle=\"Body Text\">\u00a0en<\/span><\/span><span class=\"TextRun SCXW79985850 BCX0\" lang=\"FR-CH\" xml:lang=\"FR-CH\" data-contrast=\"none\"><span class=\"NormalTextRun SCXW79985850 BCX0\" data-ccp-parastyle=\"Body Text\">\u00a0une myriade de r\u00e9actions biochimiques qui font de\u00a0<\/span><\/span><span class=\"TextRun SCXW79985850 BCX0\" lang=\"FR-CH\" xml:lang=\"FR-CH\" data-contrast=\"none\"><span class=\"NormalTextRun SCXW79985850 BCX0\" data-ccp-parastyle=\"Body Text\">nous ce que nous sommes. Savoir comment garder vos cellules jeunes et pleines d&#8217;\u00e9nergie est le secret d&#8217;une vie longue et saine.&#8221;<\/span><\/span><\/strong><\/p><\/blockquote>\n<p class=\"quotestransform\" style=\"text-align: right;\"><strong style=\"color: #e72827;\">Dr. Elena Pruss, PhD<\/strong><\/p>\n<p>Avant de prendre en charge la strat\u00e9gie et la recherche du RCLIN Group, le Dr. Pruss a dirig\u00e9 l\u2019une des cliniques m\u00e9dicales de RCLIN en tant que directrice m\u00e9dicale pendant plus d\u2019une d\u00e9cennie, o\u00f9 elle a occup\u00e9 une double fonction, celle de m\u00e9decin g\u00e9n\u00e9raliste et de superviseur en recherche clinique. Une grande partie de ses travaux a \u00e9t\u00e9 consacr\u00e9e aux processus immuno-inflammatoires, aux diff\u00e9rents types de lymphocytes B, aux cytokines pro-inflammatoires, \u00e0 la r\u00e9ponse des anticorps, au r\u00f4le du syst\u00e8me immunitaire dans l&#8217;apparition de cellules atypiques, \u00e0 l&#8217;activation de l&#8217;autophagie et \u00e0 son influence sur l&#8217;ensemble des performances du corps humain.<\/p>\n<p>Dr. Pruss a particip\u00e9 \u00e0 diverses \u00e9tudes internationales portant sur l&#8217;utilisation de lymphocytes immunitaires g\u00e9n\u00e9tiquement modifi\u00e9s dans le traitement de tumeurs, ainsi que sur l&#8217;introduction de cellules IPS chez des patients atteints de formes agressives de cancer.<\/p>\n<p>Au cours des vingt derni\u00e8res ann\u00e9es, le Dr. Pruss a \u00e9t\u00e9 fortement impliqu\u00e9e dans l&#8217;\u00e9tude des processus de vieillissement pr\u00e9matur\u00e9 du corps, y compris le vieillissement au niveau cellulaire et l&#8217;identification des corr\u00e9lations entre la r\u00e9alisation de l&#8217;information g\u00e9n\u00e9tique et les effets \u00e0 long terme sur la sant\u00e9.<\/p>\n<p>Dr. Pruss travaille au conseil d&#8217;administration du si\u00e8ge social de RCLIN, ainsi qu&#8217;aux conseils d&#8217;administration des cliniques et des centres m\u00e9dicaux de RCLIN.<\/p>\n<div id=\"gtx-trans\">\n<div class=\"gtx-trans-icon\"><\/div>\n<\/div>\n<p>[\/vc_column_text][\/vc_column][vc_column width=&#8221;1\/6&#8243;][\/vc_column][\/vc_row]<\/p>\n","protected":false},"excerpt":{"rendered":"<p>[vc_row][vc_column][vc_single_image image=&#8221;4509&#8243; img_size=&#8221;full&#8221; alignment=&#8221;center&#8221;][\/vc_column][\/vc_row][vc_row css=&#8221;.vc_custom_1599137992123{margin-top: 35px !important;margin-bottom: 75px !important;}&#8221; el_class=&#8221;mobilestylefounder&#8221;][vc_column width=&#8221;1\/6&#8243;][\/vc_column][vc_column width=&#8221;2\/3&#8243; css=&#8221;.vc_custom_1597766387525{padding-right: 20px !important;padding-left: 20px !important;}&#8221;][vc_column_text] FONDATRICE\u00a0 Dr. Elena Pruss, PhD est propri\u00e9taire et directrice m\u00e9dicale du\u00a0RCLIN Life Sciences\u00a0Group\u00a0o\u00f9 elle est responsable de la gestion strat\u00e9gique des services m\u00e9dicaux, de la recherche et du d\u00e9veloppement. Dr.\u00a0Pruss ne consulte\u00a0plus comme m\u00e9decin praticien, car son temps [&hellip;]<\/p>\n","protected":false},"author":1,"featured_media":0,"parent":0,"menu_order":0,"comment_status":"closed","ping_status":"closed","template":"page-full-width.php","meta":[],"acf":[],"yoast_head":"<!-- This site is optimized with the Yoast SEO plugin v19.2 - https:\/\/yoast.com\/wordpress\/plugins\/seo\/ -->\n<title>RCLIN - Dr. Elena Pruss - About<\/title>\n<meta name=\"description\" content=\"Dr. Elena Pruss, PhD is the owner and Medical Director of RCLIN Group and the founder of the DR. PRUSS brand.\" \/>\n<meta name=\"robots\" content=\"index, follow, max-snippet:-1, max-image-preview:large, max-video-preview:-1\" \/>\n<link rel=\"canonical\" href=\"https:\/\/rclin-pharma.com\/fr\/founder-dr-elena-pruss\/\" \/>\n<meta property=\"og:locale\" content=\"fr_FR\" \/>\n<meta property=\"og:type\" content=\"article\" \/>\n<meta property=\"og:title\" content=\"RCLIN - Dr. Elena Pruss - About\" \/>\n<meta property=\"og:description\" content=\"Dr. Elena Pruss, PhD is the owner and Medical Director of RCLIN Group and the founder of the DR. PRUSS brand.\" \/>\n<meta property=\"og:url\" content=\"https:\/\/rclin-pharma.com\/fr\/founder-dr-elena-pruss\/\" \/>\n<meta property=\"og:site_name\" content=\"RCLIN\" \/>\n<meta property=\"article:modified_time\" content=\"2021-08-23T16:19:07+00:00\" \/>\n<meta property=\"og:image\" content=\"https:\/\/rclin-pharma.com\/wp-content\/uploads\/2021\/10\/logo_rclin_p-1.jpg\" \/>\n\t<meta property=\"og:image:width\" content=\"1280\" \/>\n\t<meta property=\"og:image:height\" content=\"630\" \/>\n\t<meta property=\"og:image:type\" content=\"image\/jpeg\" \/>\n<meta name=\"author\" content=\"admin_001\" \/>\n<meta name=\"twitter:card\" content=\"summary_large_image\" \/>\n<meta name=\"twitter:label1\" content=\"Dur\u00e9e de lecture estim\u00e9e\" \/>\n\t<meta name=\"twitter:data1\" content=\"2 minutes\" \/>\n<script type=\"application\/ld+json\" class=\"yoast-schema-graph\">{\"@context\":\"https:\/\/schema.org\",\"@graph\":[{\"@type\":\"Organization\",\"@id\":\"https:\/\/rclin-pharma.com\/#organization\",\"name\":\"RCLIN SA\",\"url\":\"https:\/\/rclin-pharma.com\/\",\"sameAs\":[],\"logo\":{\"@type\":\"ImageObject\",\"inLanguage\":\"fr-FR\",\"@id\":\"https:\/\/rclin-pharma.com\/#\/schema\/logo\/image\/\",\"url\":\"https:\/\/rclin-pharma.com\/wp-content\/uploads\/2021\/10\/logo.jpg\",\"contentUrl\":\"https:\/\/rclin-pharma.com\/wp-content\/uploads\/2021\/10\/logo.jpg\",\"width\":1280,\"height\":630,\"caption\":\"RCLIN SA\"},\"image\":{\"@id\":\"https:\/\/rclin-pharma.com\/#\/schema\/logo\/image\/\"}},{\"@type\":\"WebSite\",\"@id\":\"https:\/\/rclin-pharma.com\/#website\",\"url\":\"https:\/\/rclin-pharma.com\/\",\"name\":\"RCLIN\",\"description\":\"\",\"publisher\":{\"@id\":\"https:\/\/rclin-pharma.com\/#organization\"},\"potentialAction\":[{\"@type\":\"SearchAction\",\"target\":{\"@type\":\"EntryPoint\",\"urlTemplate\":\"https:\/\/rclin-pharma.com\/?s={search_term_string}\"},\"query-input\":\"required name=search_term_string\"}],\"inLanguage\":\"fr-FR\"},{\"@type\":\"WebPage\",\"@id\":\"https:\/\/rclin-pharma.com\/fr\/founder-dr-elena-pruss\/#webpage\",\"url\":\"https:\/\/rclin-pharma.com\/fr\/founder-dr-elena-pruss\/\",\"name\":\"RCLIN - Dr. Elena Pruss - About\",\"isPartOf\":{\"@id\":\"https:\/\/rclin-pharma.com\/#website\"},\"datePublished\":\"2020-06-15T08:27:11+00:00\",\"dateModified\":\"2021-08-23T16:19:07+00:00\",\"description\":\"Dr. Elena Pruss, PhD is the owner and Medical Director of RCLIN Group and the founder of the DR. PRUSS brand.\",\"breadcrumb\":{\"@id\":\"https:\/\/rclin-pharma.com\/fr\/founder-dr-elena-pruss\/#breadcrumb\"},\"inLanguage\":\"fr-FR\",\"potentialAction\":[{\"@type\":\"ReadAction\",\"target\":[\"https:\/\/rclin-pharma.com\/fr\/founder-dr-elena-pruss\/\"]}]},{\"@type\":\"BreadcrumbList\",\"@id\":\"https:\/\/rclin-pharma.com\/fr\/founder-dr-elena-pruss\/#breadcrumb\",\"itemListElement\":[{\"@type\":\"ListItem\",\"position\":1,\"name\":\"Home\",\"item\":\"https:\/\/rclin-pharma.com\/fr\/\"},{\"@type\":\"ListItem\",\"position\":2,\"name\":\"FONDATRICE\"}]}]}<\/script>\n<!-- \/ Yoast SEO plugin. -->","yoast_head_json":{"title":"RCLIN - Dr. Elena Pruss - About","description":"Dr. Elena Pruss, PhD is the owner and Medical Director of RCLIN Group and the founder of the DR. PRUSS brand.","robots":{"index":"index","follow":"follow","max-snippet":"max-snippet:-1","max-image-preview":"max-image-preview:large","max-video-preview":"max-video-preview:-1"},"canonical":"https:\/\/rclin-pharma.com\/fr\/founder-dr-elena-pruss\/","og_locale":"fr_FR","og_type":"article","og_title":"RCLIN - Dr. Elena Pruss - About","og_description":"Dr. Elena Pruss, PhD is the owner and Medical Director of RCLIN Group and the founder of the DR. PRUSS brand.","og_url":"https:\/\/rclin-pharma.com\/fr\/founder-dr-elena-pruss\/","og_site_name":"RCLIN","article_modified_time":"2021-08-23T16:19:07+00:00","og_image":[{"width":1280,"height":630,"url":"https:\/\/rclin-pharma.com\/wp-content\/uploads\/2021\/10\/logo_rclin_p-1.jpg","type":"image\/jpeg"}],"author":"admin_001","twitter_card":"summary_large_image","twitter_misc":{"Dur\u00e9e de lecture estim\u00e9e":"2 minutes"},"schema":{"@context":"https:\/\/schema.org","@graph":[{"@type":"Organization","@id":"https:\/\/rclin-pharma.com\/#organization","name":"RCLIN SA","url":"https:\/\/rclin-pharma.com\/","sameAs":[],"logo":{"@type":"ImageObject","inLanguage":"fr-FR","@id":"https:\/\/rclin-pharma.com\/#\/schema\/logo\/image\/","url":"https:\/\/rclin-pharma.com\/wp-content\/uploads\/2021\/10\/logo.jpg","contentUrl":"https:\/\/rclin-pharma.com\/wp-content\/uploads\/2021\/10\/logo.jpg","width":1280,"height":630,"caption":"RCLIN SA"},"image":{"@id":"https:\/\/rclin-pharma.com\/#\/schema\/logo\/image\/"}},{"@type":"WebSite","@id":"https:\/\/rclin-pharma.com\/#website","url":"https:\/\/rclin-pharma.com\/","name":"RCLIN","description":"","publisher":{"@id":"https:\/\/rclin-pharma.com\/#organization"},"potentialAction":[{"@type":"SearchAction","target":{"@type":"EntryPoint","urlTemplate":"https:\/\/rclin-pharma.com\/?s={search_term_string}"},"query-input":"required name=search_term_string"}],"inLanguage":"fr-FR"},{"@type":"WebPage","@id":"https:\/\/rclin-pharma.com\/fr\/founder-dr-elena-pruss\/#webpage","url":"https:\/\/rclin-pharma.com\/fr\/founder-dr-elena-pruss\/","name":"RCLIN - Dr. Elena Pruss - About","isPartOf":{"@id":"https:\/\/rclin-pharma.com\/#website"},"datePublished":"2020-06-15T08:27:11+00:00","dateModified":"2021-08-23T16:19:07+00:00","description":"Dr. Elena Pruss, PhD is the owner and Medical Director of RCLIN Group and the founder of the DR. PRUSS brand.","breadcrumb":{"@id":"https:\/\/rclin-pharma.com\/fr\/founder-dr-elena-pruss\/#breadcrumb"},"inLanguage":"fr-FR","potentialAction":[{"@type":"ReadAction","target":["https:\/\/rclin-pharma.com\/fr\/founder-dr-elena-pruss\/"]}]},{"@type":"BreadcrumbList","@id":"https:\/\/rclin-pharma.com\/fr\/founder-dr-elena-pruss\/#breadcrumb","itemListElement":[{"@type":"ListItem","position":1,"name":"Home","item":"https:\/\/rclin-pharma.com\/fr\/"},{"@type":"ListItem","position":2,"name":"FONDATRICE"}]}]}},"_links":{"self":[{"href":"https:\/\/rclin-pharma.com\/fr\/wp-json\/wp\/v2\/pages\/4020"}],"collection":[{"href":"https:\/\/rclin-pharma.com\/fr\/wp-json\/wp\/v2\/pages"}],"about":[{"href":"https:\/\/rclin-pharma.com\/fr\/wp-json\/wp\/v2\/types\/page"}],"author":[{"embeddable":true,"href":"https:\/\/rclin-pharma.com\/fr\/wp-json\/wp\/v2\/users\/1"}],"replies":[{"embeddable":true,"href":"https:\/\/rclin-pharma.com\/fr\/wp-json\/wp\/v2\/comments?post=4020"}],"version-history":[{"count":4,"href":"https:\/\/rclin-pharma.com\/fr\/wp-json\/wp\/v2\/pages\/4020\/revisions"}],"predecessor-version":[{"id":4969,"href":"https:\/\/rclin-pharma.com\/fr\/wp-json\/wp\/v2\/pages\/4020\/revisions\/4969"}],"wp:attachment":[{"href":"https:\/\/rclin-pharma.com\/fr\/wp-json\/wp\/v2\/media?parent=4020"}],"curies":[{"name":"wp","href":"https:\/\/api.w.org\/{rel}","templated":true}]}}