{"id":4045,"date":"2020-08-20T14:22:05","date_gmt":"2020-08-20T14:22:05","guid":{"rendered":"https:\/\/rclin-pharma.com\/productsatisfaction\/"},"modified":"2020-12-02T17:58:20","modified_gmt":"2020-12-02T17:58:20","slug":"productsatisfaction","status":"publish","type":"page","link":"https:\/\/rclin-pharma.com\/fr\/productsatisfaction\/","title":{"rendered":"SATISFACTION DU PRODUIT"},"content":{"rendered":"<p>[vc_row type=&#8221;boxed&#8221; background_style=&#8221;normal&#8221;][vc_column]<div class=\"wpforms-container wpforms-container-full\" id=\"wpforms-4399\"><form id=\"wpforms-form-4399\" class=\"wpforms-validate wpforms-form wpforms-ajax-form\" data-formid=\"4399\" method=\"post\" enctype=\"multipart\/form-data\" action=\"\/fr\/wp-json\/wp\/v2\/pages\/4045?wpforms_form_id=4399\" data-token=\"1b43ade862c46035123b7004d7c7dc57\"><div class=\"wpforms-head-container\"><div class=\"wpforms-description\">Chez DR PRUSS\u00ae, nous nous engageons fermement \u00e0 la satisfaction totale de nos clients et nous garantissons la qualit\u00e9 de chaque produit que nous vendons.\r\n\r\nSi vous n'\u00eates pas satisfaits de votre commande DR PRUSS\u00ae pour quelque raison que ce soit, veuillez en communiquer les d\u00e9tails au service client DR PRUSS\u00ae via le formulaire ci-dessous.\r\n\r\nMerci.\r\n\r\n\r\nIf you are dissatisfied with your DR PRUSS\u00ae order for any reason, please communicate the details to DR PRUSS\u00ae Customer Support by completing the form below.\r\n\r\n\r\nThank you.<\/div><\/div><noscript class=\"wpforms-error-noscript\">Veuillez activer JavaScript dans votre navigateur pour remplir ce formulaire.<\/noscript><div class=\"wpforms-field-container\"><div id=\"wpforms-4399-field_0-container\" class=\"wpforms-field wpforms-field-name\" data-field-id=\"0\"><label class=\"wpforms-field-label\" for=\"wpforms-4399-field_0\">Nom <span class=\"wpforms-required-label\">*<\/span><\/label><div class=\"wpforms-field-row wpforms-field-medium\"><div class=\"wpforms-field-row-block wpforms-first wpforms-one-half\"><input type=\"text\" id=\"wpforms-4399-field_0\" class=\"wpforms-field-name-first wpforms-field-required\" name=\"wpforms[fields][0][first]\" placeholder=\"Pr\u00e9nom                        \" required><label for=\"wpforms-4399-field_0\" class=\"wpforms-field-sublabel after \">Pr\u00e9nom<\/label><\/div><div class=\"wpforms-field-row-block wpforms-one-half\"><input type=\"text\" id=\"wpforms-4399-field_0-last\" class=\"wpforms-field-name-last wpforms-field-required\" name=\"wpforms[fields][0][last]\" placeholder=\"Nom de famille\" required><label for=\"wpforms-4399-field_0-last\" class=\"wpforms-field-sublabel after \">Nom<\/label><\/div><\/div><\/div><div id=\"wpforms-4399-field_9-container\" class=\"wpforms-field wpforms-field-email\" data-field-id=\"9\"><label class=\"wpforms-field-label\" for=\"wpforms-4399-field_9\">Email <span class=\"wpforms-required-label\">*<\/span><\/label><input type=\"email\" id=\"wpforms-4399-field_9\" class=\"wpforms-field-medium wpforms-field-required\" name=\"wpforms[fields][9]\" required><\/div><div id=\"wpforms-4399-field_4-container\" class=\"wpforms-field wpforms-field-text\" data-field-id=\"4\"><label class=\"wpforms-field-label\" for=\"wpforms-4399-field_4\">Num\u00e9ro de commande <span class=\"wpforms-required-label\">*<\/span><\/label><input type=\"text\" id=\"wpforms-4399-field_4\" class=\"wpforms-field-medium wpforms-field-required\" name=\"wpforms[fields][4]\" required><\/div><div id=\"wpforms-4399-field_5-container\" class=\"wpforms-field wpforms-field-date-time\" data-field-id=\"5\"><label class=\"wpforms-field-label\" for=\"wpforms-4399-field_5\">Date de commande <span class=\"wpforms-required-label\">*<\/span><\/label><select name=\"wpforms[fields][5][date][m]\" id=\"wpforms-4399-field_5-month\" class=\"wpforms-field-date-time-date-month wpforms-field-required\"  required><option value=\"\" class=\"placeholder\" selected disabled>MM<\/option><option value=\"1\" >1<\/option><option value=\"2\" >2<\/option><option value=\"3\" >3<\/option><option value=\"4\" >4<\/option><option value=\"5\" >5<\/option><option value=\"6\" >6<\/option><option value=\"7\" >7<\/option><option value=\"8\" >8<\/option><option value=\"9\" >9<\/option><option value=\"10\" >10<\/option><option value=\"11\" >11<\/option><option value=\"12\" >12<\/option><\/select><span class=\"wpforms-field-date-time-date-sep\">\/<\/span><select name=\"wpforms[fields][5][date][d]\" id=\"wpforms-4399-field_5-day\" class=\"wpforms-field-date-time-date-day wpforms-field-required\"  required><option value=\"\" class=\"placeholder\" selected disabled>JJ<\/option><option value=\"1\" >1<\/option><option value=\"2\" >2<\/option><option value=\"3\" >3<\/option><option value=\"4\" >4<\/option><option value=\"5\" >5<\/option><option value=\"6\" >6<\/option><option value=\"7\" >7<\/option><option value=\"8\" >8<\/option><option value=\"9\" >9<\/option><option value=\"10\" >10<\/option><option value=\"11\" >11<\/option><option value=\"12\" >12<\/option><option value=\"13\" >13<\/option><option value=\"14\" >14<\/option><option value=\"15\" >15<\/option><option value=\"16\" >16<\/option><option value=\"17\" >17<\/option><option value=\"18\" >18<\/option><option value=\"19\" >19<\/option><option value=\"20\" >20<\/option><option value=\"21\" >21<\/option><option value=\"22\" >22<\/option><option value=\"23\" >23<\/option><option value=\"24\" >24<\/option><option value=\"25\" >25<\/option><option value=\"26\" >26<\/option><option value=\"27\" >27<\/option><option value=\"28\" >28<\/option><option value=\"29\" >29<\/option><option value=\"30\" >30<\/option><option value=\"31\" >31<\/option><\/select><span class=\"wpforms-field-date-time-date-sep\">\/<\/span><select name=\"wpforms[fields][5][date][y]\" id=\"wpforms-4399-field_5-year\" class=\"wpforms-field-date-time-date-year wpforms-field-required\"  required><option value=\"\" class=\"placeholder\" selected disabled>AAAA<\/option><option value=\"2026\" >2026<\/option><option value=\"2025\" >2025<\/option><option value=\"2024\" >2024<\/option><option value=\"2023\" >2023<\/option><option value=\"2022\" >2022<\/option><option value=\"2021\" >2021<\/option><option value=\"2020\" >2020<\/option><option value=\"2019\" >2019<\/option><option value=\"2018\" >2018<\/option><option value=\"2017\" >2017<\/option><option value=\"2016\" >2016<\/option><option value=\"2015\" >2015<\/option><option value=\"2014\" >2014<\/option><option value=\"2013\" >2013<\/option><option value=\"2012\" >2012<\/option><option value=\"2011\" >2011<\/option><option value=\"2010\" >2010<\/option><option value=\"2009\" >2009<\/option><option value=\"2008\" >2008<\/option><option value=\"2007\" >2007<\/option><option value=\"2006\" >2006<\/option><option value=\"2005\" >2005<\/option><option value=\"2004\" >2004<\/option><option value=\"2003\" >2003<\/option><option value=\"2002\" >2002<\/option><option value=\"2001\" >2001<\/option><option value=\"2000\" >2000<\/option><option value=\"1999\" >1999<\/option><option value=\"1998\" >1998<\/option><option value=\"1997\" >1997<\/option><option value=\"1996\" >1996<\/option><option value=\"1995\" >1995<\/option><option value=\"1994\" >1994<\/option><option value=\"1993\" >1993<\/option><option value=\"1992\" >1992<\/option><option value=\"1991\" >1991<\/option><option value=\"1990\" >1990<\/option><option value=\"1989\" >1989<\/option><option value=\"1988\" >1988<\/option><option value=\"1987\" >1987<\/option><option value=\"1986\" >1986<\/option><option value=\"1985\" >1985<\/option><option value=\"1984\" >1984<\/option><option value=\"1983\" >1983<\/option><option value=\"1982\" >1982<\/option><option value=\"1981\" >1981<\/option><option value=\"1980\" >1980<\/option><option value=\"1979\" >1979<\/option><option value=\"1978\" >1978<\/option><option value=\"1977\" >1977<\/option><option value=\"1976\" >1976<\/option><option value=\"1975\" >1975<\/option><option value=\"1974\" >1974<\/option><option value=\"1973\" >1973<\/option><option value=\"1972\" >1972<\/option><option value=\"1971\" >1971<\/option><option value=\"1970\" >1970<\/option><option value=\"1969\" >1969<\/option><option value=\"1968\" >1968<\/option><option value=\"1967\" >1967<\/option><option value=\"1966\" >1966<\/option><option value=\"1965\" >1965<\/option><option value=\"1964\" >1964<\/option><option value=\"1963\" >1963<\/option><option value=\"1962\" >1962<\/option><option value=\"1961\" >1961<\/option><option value=\"1960\" >1960<\/option><option value=\"1959\" >1959<\/option><option value=\"1958\" >1958<\/option><option value=\"1957\" >1957<\/option><option value=\"1956\" >1956<\/option><option value=\"1955\" >1955<\/option><option value=\"1954\" >1954<\/option><option value=\"1953\" >1953<\/option><option value=\"1952\" >1952<\/option><option value=\"1951\" >1951<\/option><option value=\"1950\" >1950<\/option><option value=\"1949\" >1949<\/option><option value=\"1948\" >1948<\/option><option value=\"1947\" >1947<\/option><option value=\"1946\" >1946<\/option><option value=\"1945\" >1945<\/option><option value=\"1944\" >1944<\/option><option value=\"1943\" >1943<\/option><option value=\"1942\" >1942<\/option><option value=\"1941\" >1941<\/option><option value=\"1940\" >1940<\/option><option value=\"1939\" >1939<\/option><option value=\"1938\" >1938<\/option><option value=\"1937\" >1937<\/option><option value=\"1936\" >1936<\/option><option value=\"1935\" >1935<\/option><option value=\"1934\" >1934<\/option><option value=\"1933\" >1933<\/option><option value=\"1932\" >1932<\/option><option value=\"1931\" >1931<\/option><option value=\"1930\" >1930<\/option><option value=\"1929\" >1929<\/option><option value=\"1928\" >1928<\/option><option value=\"1927\" >1927<\/option><option value=\"1926\" >1926<\/option><option value=\"1925\" >1925<\/option><option value=\"1924\" >1924<\/option><option value=\"1923\" >1923<\/option><option value=\"1922\" >1922<\/option><option value=\"1921\" >1921<\/option><option value=\"1920\" >1920<\/option><\/select><\/div><div id=\"wpforms-4399-field_10-container\" class=\"wpforms-field wpforms-field-number\" data-field-id=\"10\"><label class=\"wpforms-field-label\" for=\"wpforms-4399-field_10\">Facultatif ; Num\u00e9ro de lot<\/label><input type=\"number\" pattern=\"\\d*\" id=\"wpforms-4399-field_10\" class=\"wpforms-field-medium\" name=\"wpforms[fields][10]\" ><\/div><div id=\"wpforms-4399-field_11-container\" class=\"wpforms-field wpforms-field-file-upload\" data-field-id=\"11\"><label class=\"wpforms-field-label\" for=\"wpforms-4399-field_11\">Facultatif : t\u00e9l\u00e9charger un fichier<\/label><div\n\t\tclass=\"wpforms-uploader\"\n\t\tdata-field-id=\"11\"\n\t\tdata-form-id=\"4399\"\n\t\tdata-input-name=\"wpforms_4399_11\"\n\t\tdata-extensions=\"jpg,jpeg,jpe,gif,png,bmp,tiff,tif,webp,ico,heic,asf,asx,wmv,wmx,wm,avi,divx,mov,qt,mpeg,mpg,mpe,mp4,m4v,ogv,webm,mkv,3gp,3gpp,3g2,3gp2,txt,asc,c,cc,h,srt,csv,tsv,ics,rtx,css,vtt,mp3,m4a,m4b,aac,ra,ram,wav,ogg,oga,flac,mid,midi,wma,wax,mka,rtf,pdf,class,tar,zip,gz,gzip,rar,7z,psd,xcf,doc,pot,pps,ppt,wri,xla,xls,xlt,xlw,mpp,docx,docm,dotx,dotm,xlsx,xlsm,xlsb,xltx,xltm,xlam,pptx,pptm,ppsx,ppsm,potx,potm,ppam,sldx,sldm,onetoc,onetoc2,onepkg,oxps,xps,odt,odp,ods,odg,odc,odb,odf,wp,wpd,key,numbers,pages\"\n\t\tdata-max-size=\"67108864\"\n\t\tdata-max-file-number=\"3\"\n\t\tdata-post-max-size=\"67108864\"\n\t\tdata-max-parallel-uploads=\"4\"\n\t\tdata-parallel-uploads=\"true\"\n\t\tdata-file-chunk-size=\"2097152\">\n\t<div class=\"dz-message\">\n\t\t<svg viewBox=\"0 0 1024 1024\" focusable=\"false\" data-icon=\"inbox\" width=\"50px\" height=\"50px\" fill=\"#b1b1b1\" aria-hidden=\"true\">\n\t\t\t<path d=\"M885.2 446.3l-.2-.8-112.2-285.1c-5-16.1-19.9-27.2-36.8-27.2H281.2c-17 0-32.1 11.3-36.9 27.6L139.4 443l-.3.7-.2.8c-1.3 4.9-1.7 9.9-1 14.8-.1 1.6-.2 3.2-.2 4.8V830a60.9 60.9 0 0 0 60.8 60.8h627.2c33.5 0 60.8-27.3 60.9-60.8V464.1c0-1.3 0-2.6-.1-3.7.4-4.9 0-9.6-1.3-14.1zm-295.8-43l-.3 15.7c-.8 44.9-31.8 75.1-77.1 75.1-22.1 0-41.1-7.1-54.8-20.6S436 441.2 435.6 419l-.3-15.7H229.5L309 210h399.2l81.7 193.3H589.4zm-375 76.8h157.3c24.3 57.1 76 90.8 140.4 90.8 33.7 0 65-9.4 90.3-27.2 22.2-15.6 39.5-37.4 50.7-63.6h156.5V814H214.4V480.1z\"><\/path>\n\t\t<\/svg>\n\t\t<span class=\"modern-title\">Cliquez ou d\u00e9placez les fichiers vers cette zone pour les t\u00e9l\u00e9verser.<\/span>\n\n\t\t\t\t\t<span class=\"modern-hint\">Vous pouvez t\u00e9l\u00e9verser jusqu\u2019\u00e0 3 fichiers.<\/span>\n\t\t\t<\/div>\n<\/div>\n<input\n\t\ttype=\"text\"\n\t\tautocomplete=\"off\"\n\t\tclass=\"dropzone-input\"\n\t\tstyle=\"position:absolute!important;clip:rect(0,0,0,0)!important;height:1px!important;width:1px!important;border:0!important;overflow:hidden!important;padding:0!important;margin:0!important;\"\n\t\tid=\"wpforms-4399-field_11\"\n\t\tname=\"wpforms_4399_11\" \t\tvalue=\"\">\n<div class=\"wpforms-field-description\">Cliquez ou faites glisser les fichiers dans cette zone pour les t\u00e9l\u00e9charger.\r\nVous pouvez t\u00e9l\u00e9charger jusqu'\u00e0 3 fichiers.\r\n<\/div><\/div><div id=\"wpforms-4399-field_8-container\" class=\"wpforms-field wpforms-field-textarea\" data-field-id=\"8\"><label class=\"wpforms-field-label\" for=\"wpforms-4399-field_8\">Description d\u00e9taill\u00e9e du probl\u00e8me <span class=\"wpforms-required-label\">*<\/span><\/label><textarea id=\"wpforms-4399-field_8\" class=\"wpforms-field-medium wpforms-field-required\" name=\"wpforms[fields][8]\" required><\/textarea><\/div><\/div><div class=\"wpforms-submit-container\"><input type=\"hidden\" name=\"wpforms[id]\" value=\"4399\"><input type=\"hidden\" name=\"wpforms[author]\" value=\"1\"><button type=\"submit\" name=\"wpforms[submit]\" id=\"wpforms-submit-4399\" class=\"wpforms-submit\" data-alt-text=\"Sending...\" data-submit-text=\"Envoyer\" aria-live=\"assertive\" value=\"wpforms-submit\">Envoyer<\/button><img src=\"https:\/\/rclin-pharma.com\/wp-content\/plugins\/wpforms\/assets\/images\/submit-spin.svg\" class=\"wpforms-submit-spinner\" style=\"display: none;\" width=\"26\" height=\"26\" alt=\"Chargement en cours\"><\/div><\/form><\/div>  <!-- .wpforms-container -->[\/vc_column][\/vc_row]<\/p>\n","protected":false},"excerpt":{"rendered":"<p>[vc_row type=&#8221;boxed&#8221; background_style=&#8221;normal&#8221;][vc_column][\/vc_column][\/vc_row]<\/p>\n","protected":false},"author":1,"featured_media":0,"parent":0,"menu_order":0,"comment_status":"closed","ping_status":"closed","template":"page-boxed.php","meta":[],"acf":[],"yoast_head":"<!-- This site is optimized with the Yoast SEO plugin v19.2 - https:\/\/yoast.com\/wordpress\/plugins\/seo\/ -->\n<title>SATISFACTION DU PRODUIT - RCLIN<\/title>\n<meta name=\"robots\" content=\"index, follow, max-snippet:-1, max-image-preview:large, max-video-preview:-1\" \/>\n<link rel=\"canonical\" href=\"https:\/\/rclin-pharma.com\/fr\/productsatisfaction\/\" \/>\n<meta property=\"og:locale\" content=\"fr_FR\" \/>\n<meta property=\"og:type\" content=\"article\" \/>\n<meta property=\"og:title\" content=\"SATISFACTION DU PRODUIT - RCLIN\" \/>\n<meta property=\"og:description\" content=\"[vc_row type=&#8221;boxed&#8221; background_style=&#8221;normal&#8221;][vc_column][\/vc_column][\/vc_row]\" \/>\n<meta property=\"og:url\" content=\"https:\/\/rclin-pharma.com\/fr\/productsatisfaction\/\" \/>\n<meta property=\"og:site_name\" content=\"RCLIN\" \/>\n<meta property=\"article:modified_time\" content=\"2020-12-02T17:58:20+00:00\" \/>\n<meta property=\"og:image\" content=\"https:\/\/rclin-pharma.com\/wp-content\/uploads\/2021\/10\/logo_rclin_p-1.jpg\" \/>\n\t<meta property=\"og:image:width\" content=\"1280\" \/>\n\t<meta property=\"og:image:height\" content=\"630\" \/>\n\t<meta property=\"og:image:type\" content=\"image\/jpeg\" \/>\n<meta name=\"author\" content=\"admin_001\" \/>\n<meta name=\"twitter:card\" content=\"summary_large_image\" \/>\n<script type=\"application\/ld+json\" class=\"yoast-schema-graph\">{\"@context\":\"https:\/\/schema.org\",\"@graph\":[{\"@type\":\"Organization\",\"@id\":\"https:\/\/rclin-pharma.com\/#organization\",\"name\":\"RCLIN SA\",\"url\":\"https:\/\/rclin-pharma.com\/\",\"sameAs\":[],\"logo\":{\"@type\":\"ImageObject\",\"inLanguage\":\"fr-FR\",\"@id\":\"https:\/\/rclin-pharma.com\/#\/schema\/logo\/image\/\",\"url\":\"https:\/\/rclin-pharma.com\/wp-content\/uploads\/2021\/10\/logo.jpg\",\"contentUrl\":\"https:\/\/rclin-pharma.com\/wp-content\/uploads\/2021\/10\/logo.jpg\",\"width\":1280,\"height\":630,\"caption\":\"RCLIN SA\"},\"image\":{\"@id\":\"https:\/\/rclin-pharma.com\/#\/schema\/logo\/image\/\"}},{\"@type\":\"WebSite\",\"@id\":\"https:\/\/rclin-pharma.com\/#website\",\"url\":\"https:\/\/rclin-pharma.com\/\",\"name\":\"RCLIN\",\"description\":\"\",\"publisher\":{\"@id\":\"https:\/\/rclin-pharma.com\/#organization\"},\"potentialAction\":[{\"@type\":\"SearchAction\",\"target\":{\"@type\":\"EntryPoint\",\"urlTemplate\":\"https:\/\/rclin-pharma.com\/?s={search_term_string}\"},\"query-input\":\"required name=search_term_string\"}],\"inLanguage\":\"fr-FR\"},{\"@type\":\"WebPage\",\"@id\":\"https:\/\/rclin-pharma.com\/fr\/productsatisfaction\/#webpage\",\"url\":\"https:\/\/rclin-pharma.com\/fr\/productsatisfaction\/\",\"name\":\"SATISFACTION DU PRODUIT - RCLIN\",\"isPartOf\":{\"@id\":\"https:\/\/rclin-pharma.com\/#website\"},\"datePublished\":\"2020-08-20T14:22:05+00:00\",\"dateModified\":\"2020-12-02T17:58:20+00:00\",\"breadcrumb\":{\"@id\":\"https:\/\/rclin-pharma.com\/fr\/productsatisfaction\/#breadcrumb\"},\"inLanguage\":\"fr-FR\",\"potentialAction\":[{\"@type\":\"ReadAction\",\"target\":[\"https:\/\/rclin-pharma.com\/fr\/productsatisfaction\/\"]}]},{\"@type\":\"BreadcrumbList\",\"@id\":\"https:\/\/rclin-pharma.com\/fr\/productsatisfaction\/#breadcrumb\",\"itemListElement\":[{\"@type\":\"ListItem\",\"position\":1,\"name\":\"Home\",\"item\":\"https:\/\/rclin-pharma.com\/fr\/\"},{\"@type\":\"ListItem\",\"position\":2,\"name\":\"SATISFACTION DU PRODUIT\"}]}]}<\/script>\n<!-- \/ Yoast SEO plugin. -->","yoast_head_json":{"title":"SATISFACTION DU PRODUIT - RCLIN","robots":{"index":"index","follow":"follow","max-snippet":"max-snippet:-1","max-image-preview":"max-image-preview:large","max-video-preview":"max-video-preview:-1"},"canonical":"https:\/\/rclin-pharma.com\/fr\/productsatisfaction\/","og_locale":"fr_FR","og_type":"article","og_title":"SATISFACTION DU PRODUIT - RCLIN","og_description":"[vc_row type=&#8221;boxed&#8221; background_style=&#8221;normal&#8221;][vc_column][\/vc_column][\/vc_row]","og_url":"https:\/\/rclin-pharma.com\/fr\/productsatisfaction\/","og_site_name":"RCLIN","article_modified_time":"2020-12-02T17:58:20+00:00","og_image":[{"width":1280,"height":630,"url":"https:\/\/rclin-pharma.com\/wp-content\/uploads\/2021\/10\/logo_rclin_p-1.jpg","type":"image\/jpeg"}],"author":"admin_001","twitter_card":"summary_large_image","schema":{"@context":"https:\/\/schema.org","@graph":[{"@type":"Organization","@id":"https:\/\/rclin-pharma.com\/#organization","name":"RCLIN SA","url":"https:\/\/rclin-pharma.com\/","sameAs":[],"logo":{"@type":"ImageObject","inLanguage":"fr-FR","@id":"https:\/\/rclin-pharma.com\/#\/schema\/logo\/image\/","url":"https:\/\/rclin-pharma.com\/wp-content\/uploads\/2021\/10\/logo.jpg","contentUrl":"https:\/\/rclin-pharma.com\/wp-content\/uploads\/2021\/10\/logo.jpg","width":1280,"height":630,"caption":"RCLIN SA"},"image":{"@id":"https:\/\/rclin-pharma.com\/#\/schema\/logo\/image\/"}},{"@type":"WebSite","@id":"https:\/\/rclin-pharma.com\/#website","url":"https:\/\/rclin-pharma.com\/","name":"RCLIN","description":"","publisher":{"@id":"https:\/\/rclin-pharma.com\/#organization"},"potentialAction":[{"@type":"SearchAction","target":{"@type":"EntryPoint","urlTemplate":"https:\/\/rclin-pharma.com\/?s={search_term_string}"},"query-input":"required name=search_term_string"}],"inLanguage":"fr-FR"},{"@type":"WebPage","@id":"https:\/\/rclin-pharma.com\/fr\/productsatisfaction\/#webpage","url":"https:\/\/rclin-pharma.com\/fr\/productsatisfaction\/","name":"SATISFACTION DU PRODUIT - RCLIN","isPartOf":{"@id":"https:\/\/rclin-pharma.com\/#website"},"datePublished":"2020-08-20T14:22:05+00:00","dateModified":"2020-12-02T17:58:20+00:00","breadcrumb":{"@id":"https:\/\/rclin-pharma.com\/fr\/productsatisfaction\/#breadcrumb"},"inLanguage":"fr-FR","potentialAction":[{"@type":"ReadAction","target":["https:\/\/rclin-pharma.com\/fr\/productsatisfaction\/"]}]},{"@type":"BreadcrumbList","@id":"https:\/\/rclin-pharma.com\/fr\/productsatisfaction\/#breadcrumb","itemListElement":[{"@type":"ListItem","position":1,"name":"Home","item":"https:\/\/rclin-pharma.com\/fr\/"},{"@type":"ListItem","position":2,"name":"SATISFACTION DU PRODUIT"}]}]}},"_links":{"self":[{"href":"https:\/\/rclin-pharma.com\/fr\/wp-json\/wp\/v2\/pages\/4045"}],"collection":[{"href":"https:\/\/rclin-pharma.com\/fr\/wp-json\/wp\/v2\/pages"}],"about":[{"href":"https:\/\/rclin-pharma.com\/fr\/wp-json\/wp\/v2\/types\/page"}],"author":[{"embeddable":true,"href":"https:\/\/rclin-pharma.com\/fr\/wp-json\/wp\/v2\/users\/1"}],"replies":[{"embeddable":true,"href":"https:\/\/rclin-pharma.com\/fr\/wp-json\/wp\/v2\/comments?post=4045"}],"version-history":[{"count":3,"href":"https:\/\/rclin-pharma.com\/fr\/wp-json\/wp\/v2\/pages\/4045\/revisions"}],"predecessor-version":[{"id":4401,"href":"https:\/\/rclin-pharma.com\/fr\/wp-json\/wp\/v2\/pages\/4045\/revisions\/4401"}],"wp:attachment":[{"href":"https:\/\/rclin-pharma.com\/fr\/wp-json\/wp\/v2\/media?parent=4045"}],"curies":[{"name":"wp","href":"https:\/\/api.w.org\/{rel}","templated":true}]}}