{"id":4051,"date":"2020-08-20T14:20:25","date_gmt":"2020-08-20T14:20:25","guid":{"rendered":"https:\/\/rclin-pharma.com\/shipping\/"},"modified":"2021-10-15T16:54:50","modified_gmt":"2021-10-15T16:54:50","slug":"order-faqs","status":"publish","type":"page","link":"https:\/\/rclin-pharma.com\/fr\/order-faqs\/","title":{"rendered":"ORDER FAQ(s)"},"content":{"rendered":"<p>[vc_row type=&#8221;boxed&#8221; background_style=&#8221;normal&#8221;][vc_column][vc_row_inner css=&#8221;.vc_custom_1597934024754{margin-top: 35px !important;margin-bottom: 75px !important;}&#8221;][vc_column_inner width=&#8221;1\/2&#8243; css=&#8221;.vc_custom_1443415906747{padding-right: 5% !important;padding-left: 10px !important;}&#8221;][vc_column_text]<strong>Comment se fait la livraison de ma commande?<\/strong><\/p>\n<p>Les commandes\u00a0<span lang=\"FR-CH\">en Suisse\u00a0<\/span>sont livr\u00e9s via\u00a0<span lang=\"FR-CH\">Swiss Post<\/span>.<\/p>\n<p><strong>Est-ce que je recevrai une confirmation de commande?<\/strong><\/p>\n<p>Oui. Une fois votre commande trait\u00e9e et le paiement re\u00e7u, vous recevrez une confirmation de commande par e-mail.<\/p>\n<p><strong>Est-ce que je recevrai une confirmation d\u2019exp\u00e9dition?<\/strong><\/p>\n<p>Oui. Une fois votre commande exp\u00e9di\u00e9e, vous recevrez une confirmation d\u2019exp\u00e9dition par e-mail.<\/p>\n<p><strong>Puis-je suivre ma commande?<\/strong><\/p>\n<p>Oui. Votre commande contiendra un num\u00e9ro de suivi et un lien pour suivre votre commande via les services en ligne de\u00a0<span lang=\"FR-CH\">Swiss Post<\/span>.[\/vc_column_text][\/vc_column_inner][vc_column_inner width=&#8221;1\/2&#8243; css=&#8221;.vc_custom_1443415917948{padding-right: 5% !important;padding-left: 10px !important;}&#8221;][vc_column_text]<strong>Et si mon emballage est endommag\u00e9 ou manquant?<\/strong><\/p>\n<p>L\u2019\u00e9quipe DR PRUSS\u00ae est l\u00e0 pour vous aider si vous constatez que votre commande est endommag\u00e9e ou manquante. Veuillez contacter notre \u00e9quipe \u00e0\u00a0<a href=\"mailto:drpruss@drpruss.com\" target=\"_blank\" rel=\"noopener noreferrer\" data-auth=\"NotApplicable\" data-linkindex=\"0\">drpruss@drpruss.com<\/a><span lang=\"FR-CH\">.<\/span><\/p>\n<p><strong>Des frais d\u2019exp\u00e9dition seront-ils factur\u00e9s sur ma commande?<\/strong><\/p>\n<p>Les commandes seront factur\u00e9es \u00e0 un tarif d\u2019exp\u00e9dition forfaitaire r\u00e9duit, qui sera indiqu\u00e9 au moment du check-out.<\/p>\n<p><b>Y\u2019a-t-il des restrictions d&#8217;importation relatives aux produits DR PRUSS\u00ae ?<\/b><\/p>\n<p>Merci de noter que les r\u00e9glementations en mati\u00e8re d&#8217;importation varient d&#8217;un pays \u00e0 l&#8217;autre et sont susceptibles de changer. C\u2019est une responsabilit\u00e9 du client de v\u00e9rifier, s&#8217;il existe des restrictions d&#8217;importation qui peuvent s&#8217;appliquer \u00e0 nos produits et quelles formalit\u00e9s d&#8217;importation \u00e0 suivre. Nous d\u00e9clinons toute responsabilit\u00e9 dans le cas o\u00f9 l&#8217;un de nos produits ne serait pas autoris\u00e9 \u00e0 \u00eatre import\u00e9 dans le pays de destination pour quelque raison que ce soit.<\/p>\n<p><strong>Puis-je exp\u00e9dier ma commande \u00e0 une autre adresse lors du check-out ou dois-je d\u2019abord mettre \u00e0 jour mon profil?<\/strong><\/p>\n<div>\n<p>Oui. Vous pouvez sp\u00e9cifier une autre adresse de livraison lors du check-out.<\/p>\n<p><strong>Puis-je annuler ma commande?\u00a0<\/strong><\/p>\n<p>Oui. Vous pouvez annuler votre commande jusqu&#8217;au moment de l&#8217;exp\u00e9dition en adressant un message \u00e0 notre \u00e9quipe par e-mail drpruss@drpruss.com<\/p>\n<\/div>\n<p>[\/vc_column_text][\/vc_column_inner][\/vc_row_inner][\/vc_column][\/vc_row]<\/p>\n","protected":false},"excerpt":{"rendered":"<p>[vc_row type=&#8221;boxed&#8221; background_style=&#8221;normal&#8221;][vc_column][vc_row_inner css=&#8221;.vc_custom_1597934024754{margin-top: 35px !important;margin-bottom: 75px !important;}&#8221;][vc_column_inner width=&#8221;1\/2&#8243; css=&#8221;.vc_custom_1443415906747{padding-right: 5% !important;padding-left: 10px !important;}&#8221;][vc_column_text]Comment se fait la livraison de ma commande? Les commandes\u00a0en Suisse\u00a0sont livr\u00e9s via\u00a0Swiss Post. Est-ce que je recevrai une confirmation de commande? Oui. Une fois votre commande trait\u00e9e et le paiement re\u00e7u, vous recevrez une confirmation de commande par e-mail. Est-ce que [&hellip;]<\/p>\n","protected":false},"author":1,"featured_media":0,"parent":0,"menu_order":0,"comment_status":"closed","ping_status":"closed","template":"page-boxed.php","meta":[],"acf":[],"yoast_head":"<!-- This site is optimized with the Yoast SEO plugin v19.2 - https:\/\/yoast.com\/wordpress\/plugins\/seo\/ -->\n<title>ORDER FAQ(s) - RCLIN<\/title>\n<meta name=\"robots\" content=\"index, follow, max-snippet:-1, max-image-preview:large, max-video-preview:-1\" \/>\n<link rel=\"canonical\" href=\"https:\/\/rclin-pharma.com\/fr\/order-faqs\/\" \/>\n<meta property=\"og:locale\" content=\"fr_FR\" \/>\n<meta property=\"og:type\" content=\"article\" \/>\n<meta property=\"og:title\" content=\"ORDER FAQ(s) - RCLIN\" \/>\n<meta property=\"og:description\" content=\"[vc_row type=&#8221;boxed&#8221; background_style=&#8221;normal&#8221;][vc_column][vc_row_inner css=&#8221;.vc_custom_1597934024754{margin-top: 35px !important;margin-bottom: 75px !important;}&#8221;][vc_column_inner width=&#8221;1\/2&#8243; css=&#8221;.vc_custom_1443415906747{padding-right: 5% !important;padding-left: 10px !important;}&#8221;][vc_column_text]Comment se fait la livraison de ma commande? Les commandes\u00a0en Suisse\u00a0sont livr\u00e9s via\u00a0Swiss Post. Est-ce que je recevrai une confirmation de commande? Oui. Une fois votre commande trait\u00e9e et le paiement re\u00e7u, vous recevrez une confirmation de commande par e-mail. Est-ce que [&hellip;]\" \/>\n<meta property=\"og:url\" content=\"https:\/\/rclin-pharma.com\/fr\/order-faqs\/\" \/>\n<meta property=\"og:site_name\" content=\"RCLIN\" \/>\n<meta property=\"article:modified_time\" content=\"2021-10-15T16:54:50+00:00\" \/>\n<meta property=\"og:image\" content=\"https:\/\/rclin-pharma.com\/wp-content\/uploads\/2021\/10\/logo_rclin_p-1.jpg\" \/>\n\t<meta property=\"og:image:width\" content=\"1280\" \/>\n\t<meta property=\"og:image:height\" content=\"630\" \/>\n\t<meta property=\"og:image:type\" content=\"image\/jpeg\" \/>\n<meta name=\"author\" content=\"admin_001\" \/>\n<meta name=\"twitter:card\" content=\"summary_large_image\" \/>\n<meta name=\"twitter:label1\" content=\"Dur\u00e9e de lecture estim\u00e9e\" \/>\n\t<meta name=\"twitter:data1\" content=\"2 minutes\" \/>\n<script type=\"application\/ld+json\" class=\"yoast-schema-graph\">{\"@context\":\"https:\/\/schema.org\",\"@graph\":[{\"@type\":\"Organization\",\"@id\":\"https:\/\/rclin-pharma.com\/#organization\",\"name\":\"RCLIN SA\",\"url\":\"https:\/\/rclin-pharma.com\/\",\"sameAs\":[],\"logo\":{\"@type\":\"ImageObject\",\"inLanguage\":\"fr-FR\",\"@id\":\"https:\/\/rclin-pharma.com\/#\/schema\/logo\/image\/\",\"url\":\"https:\/\/rclin-pharma.com\/wp-content\/uploads\/2021\/10\/logo.jpg\",\"contentUrl\":\"https:\/\/rclin-pharma.com\/wp-content\/uploads\/2021\/10\/logo.jpg\",\"width\":1280,\"height\":630,\"caption\":\"RCLIN SA\"},\"image\":{\"@id\":\"https:\/\/rclin-pharma.com\/#\/schema\/logo\/image\/\"}},{\"@type\":\"WebSite\",\"@id\":\"https:\/\/rclin-pharma.com\/#website\",\"url\":\"https:\/\/rclin-pharma.com\/\",\"name\":\"RCLIN\",\"description\":\"\",\"publisher\":{\"@id\":\"https:\/\/rclin-pharma.com\/#organization\"},\"potentialAction\":[{\"@type\":\"SearchAction\",\"target\":{\"@type\":\"EntryPoint\",\"urlTemplate\":\"https:\/\/rclin-pharma.com\/?s={search_term_string}\"},\"query-input\":\"required name=search_term_string\"}],\"inLanguage\":\"fr-FR\"},{\"@type\":\"WebPage\",\"@id\":\"https:\/\/rclin-pharma.com\/fr\/order-faqs\/#webpage\",\"url\":\"https:\/\/rclin-pharma.com\/fr\/order-faqs\/\",\"name\":\"ORDER FAQ(s) - RCLIN\",\"isPartOf\":{\"@id\":\"https:\/\/rclin-pharma.com\/#website\"},\"datePublished\":\"2020-08-20T14:20:25+00:00\",\"dateModified\":\"2021-10-15T16:54:50+00:00\",\"breadcrumb\":{\"@id\":\"https:\/\/rclin-pharma.com\/fr\/order-faqs\/#breadcrumb\"},\"inLanguage\":\"fr-FR\",\"potentialAction\":[{\"@type\":\"ReadAction\",\"target\":[\"https:\/\/rclin-pharma.com\/fr\/order-faqs\/\"]}]},{\"@type\":\"BreadcrumbList\",\"@id\":\"https:\/\/rclin-pharma.com\/fr\/order-faqs\/#breadcrumb\",\"itemListElement\":[{\"@type\":\"ListItem\",\"position\":1,\"name\":\"Home\",\"item\":\"https:\/\/rclin-pharma.com\/fr\/\"},{\"@type\":\"ListItem\",\"position\":2,\"name\":\"ORDER FAQ(s)\"}]}]}<\/script>\n<!-- \/ Yoast SEO plugin. -->","yoast_head_json":{"title":"ORDER FAQ(s) - RCLIN","robots":{"index":"index","follow":"follow","max-snippet":"max-snippet:-1","max-image-preview":"max-image-preview:large","max-video-preview":"max-video-preview:-1"},"canonical":"https:\/\/rclin-pharma.com\/fr\/order-faqs\/","og_locale":"fr_FR","og_type":"article","og_title":"ORDER FAQ(s) - RCLIN","og_description":"[vc_row type=&#8221;boxed&#8221; background_style=&#8221;normal&#8221;][vc_column][vc_row_inner css=&#8221;.vc_custom_1597934024754{margin-top: 35px !important;margin-bottom: 75px !important;}&#8221;][vc_column_inner width=&#8221;1\/2&#8243; css=&#8221;.vc_custom_1443415906747{padding-right: 5% !important;padding-left: 10px !important;}&#8221;][vc_column_text]Comment se fait la livraison de ma commande? Les commandes\u00a0en Suisse\u00a0sont livr\u00e9s via\u00a0Swiss Post. Est-ce que je recevrai une confirmation de commande? Oui. Une fois votre commande trait\u00e9e et le paiement re\u00e7u, vous recevrez une confirmation de commande par e-mail. Est-ce que [&hellip;]","og_url":"https:\/\/rclin-pharma.com\/fr\/order-faqs\/","og_site_name":"RCLIN","article_modified_time":"2021-10-15T16:54:50+00:00","og_image":[{"width":1280,"height":630,"url":"https:\/\/rclin-pharma.com\/wp-content\/uploads\/2021\/10\/logo_rclin_p-1.jpg","type":"image\/jpeg"}],"author":"admin_001","twitter_card":"summary_large_image","twitter_misc":{"Dur\u00e9e de lecture estim\u00e9e":"2 minutes"},"schema":{"@context":"https:\/\/schema.org","@graph":[{"@type":"Organization","@id":"https:\/\/rclin-pharma.com\/#organization","name":"RCLIN SA","url":"https:\/\/rclin-pharma.com\/","sameAs":[],"logo":{"@type":"ImageObject","inLanguage":"fr-FR","@id":"https:\/\/rclin-pharma.com\/#\/schema\/logo\/image\/","url":"https:\/\/rclin-pharma.com\/wp-content\/uploads\/2021\/10\/logo.jpg","contentUrl":"https:\/\/rclin-pharma.com\/wp-content\/uploads\/2021\/10\/logo.jpg","width":1280,"height":630,"caption":"RCLIN SA"},"image":{"@id":"https:\/\/rclin-pharma.com\/#\/schema\/logo\/image\/"}},{"@type":"WebSite","@id":"https:\/\/rclin-pharma.com\/#website","url":"https:\/\/rclin-pharma.com\/","name":"RCLIN","description":"","publisher":{"@id":"https:\/\/rclin-pharma.com\/#organization"},"potentialAction":[{"@type":"SearchAction","target":{"@type":"EntryPoint","urlTemplate":"https:\/\/rclin-pharma.com\/?s={search_term_string}"},"query-input":"required name=search_term_string"}],"inLanguage":"fr-FR"},{"@type":"WebPage","@id":"https:\/\/rclin-pharma.com\/fr\/order-faqs\/#webpage","url":"https:\/\/rclin-pharma.com\/fr\/order-faqs\/","name":"ORDER FAQ(s) - RCLIN","isPartOf":{"@id":"https:\/\/rclin-pharma.com\/#website"},"datePublished":"2020-08-20T14:20:25+00:00","dateModified":"2021-10-15T16:54:50+00:00","breadcrumb":{"@id":"https:\/\/rclin-pharma.com\/fr\/order-faqs\/#breadcrumb"},"inLanguage":"fr-FR","potentialAction":[{"@type":"ReadAction","target":["https:\/\/rclin-pharma.com\/fr\/order-faqs\/"]}]},{"@type":"BreadcrumbList","@id":"https:\/\/rclin-pharma.com\/fr\/order-faqs\/#breadcrumb","itemListElement":[{"@type":"ListItem","position":1,"name":"Home","item":"https:\/\/rclin-pharma.com\/fr\/"},{"@type":"ListItem","position":2,"name":"ORDER FAQ(s)"}]}]}},"_links":{"self":[{"href":"https:\/\/rclin-pharma.com\/fr\/wp-json\/wp\/v2\/pages\/4051"}],"collection":[{"href":"https:\/\/rclin-pharma.com\/fr\/wp-json\/wp\/v2\/pages"}],"about":[{"href":"https:\/\/rclin-pharma.com\/fr\/wp-json\/wp\/v2\/types\/page"}],"author":[{"embeddable":true,"href":"https:\/\/rclin-pharma.com\/fr\/wp-json\/wp\/v2\/users\/1"}],"replies":[{"embeddable":true,"href":"https:\/\/rclin-pharma.com\/fr\/wp-json\/wp\/v2\/comments?post=4051"}],"version-history":[{"count":4,"href":"https:\/\/rclin-pharma.com\/fr\/wp-json\/wp\/v2\/pages\/4051\/revisions"}],"predecessor-version":[{"id":5285,"href":"https:\/\/rclin-pharma.com\/fr\/wp-json\/wp\/v2\/pages\/4051\/revisions\/5285"}],"wp:attachment":[{"href":"https:\/\/rclin-pharma.com\/fr\/wp-json\/wp\/v2\/media?parent=4051"}],"curies":[{"name":"wp","href":"https:\/\/api.w.org\/{rel}","templated":true}]}}