{"id":4144,"date":"2020-11-06T14:54:57","date_gmt":"2020-11-06T14:54:57","guid":{"rendered":"https:\/\/rclin-pharma.com\/?post_type=product&#038;p=4144"},"modified":"2021-09-22T10:01:42","modified_gmt":"2021-09-22T10:01:42","slug":"f1-energy-focus-2","status":"publish","type":"product","link":"https:\/\/rclin-pharma.com\/fr\/produit\/f1-energy-focus-2\/","title":{"rendered":"F1 Energy + Focus"},"content":{"rendered":"","protected":false},"excerpt":{"rendered":"<p>Approvisionnement pour 30 jours<\/p>\n<p><strong>DR PRUSS\u00ae Formule F1<\/strong> contient des ingr\u00e9dients \u00e9tudi\u00e9s et assembl\u00e9s sp\u00e9cifiquement pour fournir un support aux mitochondries, les centrales \u00e9nerg\u00e9tiques de l\u2019organismes, dont notamment de l\u2019ubiquinol et du NADH.<\/p>\n<p>En plus, notre formule contient un m\u00e9lange s\u00e9lectionn\u00e9 de plantes adaptog\u00e8nes pour soutenir la production de neurotransmetteurs b\u00e9n\u00e9fiques, tels que dopamine et s\u00e9rotonine, qui sont tous les deux essentiels pour le fonctionnement optimal du cerveau.<\/p>\n","protected":false},"featured_media":5084,"comment_status":"open","ping_status":"closed","template":"","meta":[],"product_cat":[116,117,118,119,120,121],"product_tag":[],"acf":[],"yoast_head":"<!-- This site is optimized with the Yoast SEO plugin v19.2 - https:\/\/yoast.com\/wordpress\/plugins\/seo\/ -->\n<title>F1 Energy + Focus - RCLIN<\/title>\n<meta name=\"robots\" content=\"index, follow, max-snippet:-1, max-image-preview:large, max-video-preview:-1\" \/>\n<link rel=\"canonical\" href=\"https:\/\/rclin-pharma.com\/fr\/produit\/f1-energy-focus-2\/\" \/>\n<meta property=\"og:locale\" content=\"fr_FR\" \/>\n<meta property=\"og:type\" content=\"article\" \/>\n<meta property=\"og:title\" content=\"F1 Energy + Focus - RCLIN\" \/>\n<meta property=\"og:description\" content=\"Approvisionnement pour 30 jours  DR PRUSS\u00ae Formule F1 contient des ingr\u00e9dients \u00e9tudi\u00e9s et assembl\u00e9s sp\u00e9cifiquement pour fournir un support aux mitochondries, les centrales \u00e9nerg\u00e9tiques de l\u2019organismes, dont notamment de l\u2019ubiquinol et du NADH.  En plus, notre formule contient un m\u00e9lange s\u00e9lectionn\u00e9 de plantes adaptog\u00e8nes pour soutenir la production de neurotransmetteurs b\u00e9n\u00e9fiques, tels que dopamine et s\u00e9rotonine, qui sont tous les deux essentiels pour le fonctionnement optimal du cerveau.\" \/>\n<meta property=\"og:url\" content=\"https:\/\/rclin-pharma.com\/fr\/produit\/f1-energy-focus-2\/\" \/>\n<meta property=\"og:site_name\" content=\"RCLIN\" \/>\n<meta property=\"article:modified_time\" content=\"2021-09-22T10:01:42+00:00\" \/>\n<meta property=\"og:image\" content=\"https:\/\/rclin-pharma.com\/wp-content\/uploads\/2020\/11\/White-Lable@2x-1.png\" \/>\n\t<meta property=\"og:image:width\" content=\"635\" \/>\n\t<meta property=\"og:image:height\" content=\"651\" \/>\n\t<meta property=\"og:image:type\" content=\"image\/png\" \/>\n<meta name=\"author\" content=\"admin_001\" \/>\n<meta name=\"twitter:card\" content=\"summary_large_image\" \/>\n<script type=\"application\/ld+json\" class=\"yoast-schema-graph\">{\"@context\":\"https:\/\/schema.org\",\"@graph\":[{\"@type\":\"Organization\",\"@id\":\"https:\/\/rclin-pharma.com\/#organization\",\"name\":\"RCLIN SA\",\"url\":\"https:\/\/rclin-pharma.com\/\",\"sameAs\":[],\"logo\":{\"@type\":\"ImageObject\",\"inLanguage\":\"fr-FR\",\"@id\":\"https:\/\/rclin-pharma.com\/#\/schema\/logo\/image\/\",\"url\":\"https:\/\/rclin-pharma.com\/wp-content\/uploads\/2021\/10\/logo.jpg\",\"contentUrl\":\"https:\/\/rclin-pharma.com\/wp-content\/uploads\/2021\/10\/logo.jpg\",\"width\":1280,\"height\":630,\"caption\":\"RCLIN SA\"},\"image\":{\"@id\":\"https:\/\/rclin-pharma.com\/#\/schema\/logo\/image\/\"}},{\"@type\":\"WebSite\",\"@id\":\"https:\/\/rclin-pharma.com\/#website\",\"url\":\"https:\/\/rclin-pharma.com\/\",\"name\":\"RCLIN\",\"description\":\"\",\"publisher\":{\"@id\":\"https:\/\/rclin-pharma.com\/#organization\"},\"potentialAction\":[{\"@type\":\"SearchAction\",\"target\":{\"@type\":\"EntryPoint\",\"urlTemplate\":\"https:\/\/rclin-pharma.com\/?s={search_term_string}\"},\"query-input\":\"required name=search_term_string\"}],\"inLanguage\":\"fr-FR\"},{\"@type\":\"ImageObject\",\"inLanguage\":\"fr-FR\",\"@id\":\"https:\/\/rclin-pharma.com\/fr\/produit\/f1-energy-focus-2\/#primaryimage\",\"url\":\"https:\/\/rclin-pharma.com\/wp-content\/uploads\/2020\/11\/White-Lable@2x-1.png\",\"contentUrl\":\"https:\/\/rclin-pharma.com\/wp-content\/uploads\/2020\/11\/White-Lable@2x-1.png\",\"width\":635,\"height\":651},{\"@type\":\"WebPage\",\"@id\":\"https:\/\/rclin-pharma.com\/fr\/produit\/f1-energy-focus-2\/#webpage\",\"url\":\"https:\/\/rclin-pharma.com\/fr\/produit\/f1-energy-focus-2\/\",\"name\":\"F1 Energy + Focus - RCLIN\",\"isPartOf\":{\"@id\":\"https:\/\/rclin-pharma.com\/#website\"},\"primaryImageOfPage\":{\"@id\":\"https:\/\/rclin-pharma.com\/fr\/produit\/f1-energy-focus-2\/#primaryimage\"},\"datePublished\":\"2020-11-06T14:54:57+00:00\",\"dateModified\":\"2021-09-22T10:01:42+00:00\",\"breadcrumb\":{\"@id\":\"https:\/\/rclin-pharma.com\/fr\/produit\/f1-energy-focus-2\/#breadcrumb\"},\"inLanguage\":\"fr-FR\",\"potentialAction\":[{\"@type\":\"ReadAction\",\"target\":[\"https:\/\/rclin-pharma.com\/fr\/produit\/f1-energy-focus-2\/\"]}]},{\"@type\":\"BreadcrumbList\",\"@id\":\"https:\/\/rclin-pharma.com\/fr\/produit\/f1-energy-focus-2\/#breadcrumb\",\"itemListElement\":[{\"@type\":\"ListItem\",\"position\":1,\"name\":\"Home\",\"item\":\"https:\/\/rclin-pharma.com\/fr\/\"},{\"@type\":\"ListItem\",\"position\":2,\"name\":\"Boutique\",\"item\":\"https:\/\/rclin-pharma.com\/fr\/boutique\/\"},{\"@type\":\"ListItem\",\"position\":3,\"name\":\"F1 Energy + Focus\"}]}]}<\/script>\n<!-- \/ Yoast SEO plugin. -->","yoast_head_json":{"title":"F1 Energy + Focus - RCLIN","robots":{"index":"index","follow":"follow","max-snippet":"max-snippet:-1","max-image-preview":"max-image-preview:large","max-video-preview":"max-video-preview:-1"},"canonical":"https:\/\/rclin-pharma.com\/fr\/produit\/f1-energy-focus-2\/","og_locale":"fr_FR","og_type":"article","og_title":"F1 Energy + Focus - RCLIN","og_description":"Approvisionnement pour 30 jours  DR PRUSS\u00ae Formule F1 contient des ingr\u00e9dients \u00e9tudi\u00e9s et assembl\u00e9s sp\u00e9cifiquement pour fournir un support aux mitochondries, les centrales \u00e9nerg\u00e9tiques de l\u2019organismes, dont notamment de l\u2019ubiquinol et du NADH.  En plus, notre formule contient un m\u00e9lange s\u00e9lectionn\u00e9 de plantes adaptog\u00e8nes pour soutenir la production de neurotransmetteurs b\u00e9n\u00e9fiques, tels que dopamine et s\u00e9rotonine, qui sont tous les deux essentiels pour le fonctionnement optimal du cerveau.","og_url":"https:\/\/rclin-pharma.com\/fr\/produit\/f1-energy-focus-2\/","og_site_name":"RCLIN","article_modified_time":"2021-09-22T10:01:42+00:00","og_image":[{"width":635,"height":651,"url":"https:\/\/rclin-pharma.com\/wp-content\/uploads\/2020\/11\/White-Lable@2x-1.png","type":"image\/png"}],"author":"admin_001","twitter_card":"summary_large_image","schema":{"@context":"https:\/\/schema.org","@graph":[{"@type":"Organization","@id":"https:\/\/rclin-pharma.com\/#organization","name":"RCLIN SA","url":"https:\/\/rclin-pharma.com\/","sameAs":[],"logo":{"@type":"ImageObject","inLanguage":"fr-FR","@id":"https:\/\/rclin-pharma.com\/#\/schema\/logo\/image\/","url":"https:\/\/rclin-pharma.com\/wp-content\/uploads\/2021\/10\/logo.jpg","contentUrl":"https:\/\/rclin-pharma.com\/wp-content\/uploads\/2021\/10\/logo.jpg","width":1280,"height":630,"caption":"RCLIN SA"},"image":{"@id":"https:\/\/rclin-pharma.com\/#\/schema\/logo\/image\/"}},{"@type":"WebSite","@id":"https:\/\/rclin-pharma.com\/#website","url":"https:\/\/rclin-pharma.com\/","name":"RCLIN","description":"","publisher":{"@id":"https:\/\/rclin-pharma.com\/#organization"},"potentialAction":[{"@type":"SearchAction","target":{"@type":"EntryPoint","urlTemplate":"https:\/\/rclin-pharma.com\/?s={search_term_string}"},"query-input":"required name=search_term_string"}],"inLanguage":"fr-FR"},{"@type":"ImageObject","inLanguage":"fr-FR","@id":"https:\/\/rclin-pharma.com\/fr\/produit\/f1-energy-focus-2\/#primaryimage","url":"https:\/\/rclin-pharma.com\/wp-content\/uploads\/2020\/11\/White-Lable@2x-1.png","contentUrl":"https:\/\/rclin-pharma.com\/wp-content\/uploads\/2020\/11\/White-Lable@2x-1.png","width":635,"height":651},{"@type":"WebPage","@id":"https:\/\/rclin-pharma.com\/fr\/produit\/f1-energy-focus-2\/#webpage","url":"https:\/\/rclin-pharma.com\/fr\/produit\/f1-energy-focus-2\/","name":"F1 Energy + Focus - RCLIN","isPartOf":{"@id":"https:\/\/rclin-pharma.com\/#website"},"primaryImageOfPage":{"@id":"https:\/\/rclin-pharma.com\/fr\/produit\/f1-energy-focus-2\/#primaryimage"},"datePublished":"2020-11-06T14:54:57+00:00","dateModified":"2021-09-22T10:01:42+00:00","breadcrumb":{"@id":"https:\/\/rclin-pharma.com\/fr\/produit\/f1-energy-focus-2\/#breadcrumb"},"inLanguage":"fr-FR","potentialAction":[{"@type":"ReadAction","target":["https:\/\/rclin-pharma.com\/fr\/produit\/f1-energy-focus-2\/"]}]},{"@type":"BreadcrumbList","@id":"https:\/\/rclin-pharma.com\/fr\/produit\/f1-energy-focus-2\/#breadcrumb","itemListElement":[{"@type":"ListItem","position":1,"name":"Home","item":"https:\/\/rclin-pharma.com\/fr\/"},{"@type":"ListItem","position":2,"name":"Boutique","item":"https:\/\/rclin-pharma.com\/fr\/boutique\/"},{"@type":"ListItem","position":3,"name":"F1 Energy + Focus"}]}]}},"_links":{"self":[{"href":"https:\/\/rclin-pharma.com\/fr\/wp-json\/wp\/v2\/product\/4144"}],"collection":[{"href":"https:\/\/rclin-pharma.com\/fr\/wp-json\/wp\/v2\/product"}],"about":[{"href":"https:\/\/rclin-pharma.com\/fr\/wp-json\/wp\/v2\/types\/product"}],"replies":[{"embeddable":true,"href":"https:\/\/rclin-pharma.com\/fr\/wp-json\/wp\/v2\/comments?post=4144"}],"wp:featuredmedia":[{"embeddable":true,"href":"https:\/\/rclin-pharma.com\/fr\/wp-json\/wp\/v2\/media\/5084"}],"wp:attachment":[{"href":"https:\/\/rclin-pharma.com\/fr\/wp-json\/wp\/v2\/media?parent=4144"}],"wp:term":[{"taxonomy":"product_cat","embeddable":true,"href":"https:\/\/rclin-pharma.com\/fr\/wp-json\/wp\/v2\/product_cat?post=4144"},{"taxonomy":"product_tag","embeddable":true,"href":"https:\/\/rclin-pharma.com\/fr\/wp-json\/wp\/v2\/product_tag?post=4144"}],"curies":[{"name":"wp","href":"https:\/\/api.w.org\/{rel}","templated":true}]}}